{"id":853,"date":"2018-04-16T16:15:05","date_gmt":"2018-04-16T14:15:05","guid":{"rendered":"https:\/\/www.helcesa.com\/aviso-legal\/"},"modified":"2018-06-20T09:56:09","modified_gmt":"2018-06-20T07:56:09","slug":"legal-notice","status":"publish","type":"page","link":"https:\/\/www.helcesa.com\/en\/legal-notice\/","title":{"rendered":"Legal Notice"},"content":{"rendered":"<p><strong>Objeto<\/strong><br \/>\nEl Aviso legal regula las condiciones, el acceso y la utilizaci\u00f3n del sitio web, sus contenidos y servicios, de pago o gratuitos, puestos a disposici\u00f3n de los usuarios.<\/p>\n<p><strong>Aceptaci\u00f3n de las condiciones<\/strong><br \/>\nEl mero acceso y\/o utilizaci\u00f3n de todo o parte de los contenidos y servicios que el sitio ofrece, atribuye la condici\u00f3n de usuario y supone la adhesi\u00f3n plena y sin reservas a las Condiciones del Aviso Legal que se exponen en la versi\u00f3n dada en el momento en el que el usuario acceda a los mismos. El aviso legal, las condiciones y la pol\u00edtica de privacidad se entender\u00e1n aceptadas por el simple hecho de visitar las p\u00e1ginas del sitio web y por descontado si se utilizasen los servicios ofertados en el sitio.<\/p>\n<p><strong>Contenidos y servicios<\/strong><br \/>\nHelcesa se reserva la facultad de modificar, aumentar o cancelar, en cualquier momento, y sin aviso previo, la presentaci\u00f3n y configuraci\u00f3n del Sitio, as\u00ed como los contenidos y servicios que en \u00e9l se incorporan. Helcesa declina cualquier responsabilidad contractual o extracontractual con la persona o empresa que haciendo uso de alguno de nuestros servicios pudiera verse perjudicado o recibir da\u00f1os de cualquier naturaleza ocasionados por elementos inform\u00e1ticos de cualquier \u00edndole.<\/p>\n<p><strong>Derechos y obligaciones del usuario<\/strong><br \/>\nEl sitio web es de consulta p\u00fablica y gratuita y cualquier usuario podr\u00e1 acceder a la informaci\u00f3n expuesta, exceptuando aquellas \u00e1reas privadas de configuraci\u00f3n que estar\u00e1n protegidas del acceso an\u00f3nimo.<\/p>\n<p><strong>Acceso y uso<\/strong><br \/>\nTanto el acceso al sitio, como el uso que pueda hacer el usuario del mismo, es de la exclusiva responsabilidad de quien lo realiza. Por ello, el usuario acepta responder de las consecuencias, da\u00f1os y\/o perjuicios que pudieran derivarse de dicho acceso o uso de los servicios.<\/p>\n<p><strong>Disponibilidad y continuidad<\/strong><br \/>\nHelcesa intentar\u00e1 que no se produzcan interrupciones de disponibilidad de la web pero ha de tenerse en cuenta que la disponibilidad online depender\u00e1 del proveedor de infraestructura y conectividad, y de los servicios el\u00e9ctricos y de telecomunicaciones.<\/p>\n<p>Helcesa no garantiza la disponibilidad y continuidad del funcionamiento de la p\u00e1gina y de sus servicios en todo momento. Helcesa podr\u00e1 interrumpir el servicio a cualquier usuario que haga una utilizaci\u00f3n incorrecta de los contenidos o servicios de Helcesa y\/o contraria a sus intereses.<\/p>\n<p><strong>Enlaces<\/strong><br \/>\nHelcesa no garantiza la veracidad, exactitud, actualizaci\u00f3n privacidad, seguridad, disponibilidad y\/o continuidad de los contenidos y\/o servicios de terceros que se expongan directamente en su p\u00e1gina o a los que se tenga acceso a trav\u00e9s de enlaces (links), banners, botones, etc.<\/p>\n<p><strong>Propiedad intelectual<\/strong><br \/>\nLos contenidos, software, im\u00e1genes, sonidos, textos y fotograf\u00edas de Helcesa u otros terceros reflejados en la p\u00e1gina web se encuentran protegidos por el Real Decreto Legislativo 1\/1996, de la Ley de Propiedad Intelectual. Queda terminantemente prohibida la reproducci\u00f3n, distribuci\u00f3n, comunicaci\u00f3n p\u00fablica y transformaci\u00f3n de dicha propiedad salvo autorizaci\u00f3n expresa y escrita de Helcesa.<\/p>\n<p>Una utilizaci\u00f3n no autorizada de esta propiedad intelectual por terceros dar\u00e1 lugar a las responsabilidades, de car\u00e1cter penal y\/o civil y otras, legalmente establecidas.<\/p>\n<p>El acceso a los servicios suministrados no supone por parte de Helcesa renuncia, transmisi\u00f3n ni cesi\u00f3n total o parcial de los derechos derivados de la propiedad intelectual e industrial, ni atribuye derechos de utilizaci\u00f3n, acci\u00f3n, explotaci\u00f3n, reproducci\u00f3n, distribuci\u00f3n o comunicaci\u00f3n p\u00fablica sobre estos contenidos sin la previa y expresa autorizaci\u00f3n por escrito de los respectivos titulares de dichos derechos.<\/p>\n<p>La responsabilidad derivada del uso inadecuado de materiales protegidos por los derechos de propiedad intelectual e industrial contenidos en esta p\u00e1gina corresponder\u00e1 exclusivamente al usuario<\/p>\n<p><strong>\u00c1mbito<\/strong><br \/>\nTodo el contenido de esta web se rige bajo las Leyes Espa\u00f1olas. Cualquier persona o empresa que utilice o contrate este sitio, con renuncia expresa a cualquier otro fuero, se someten al Tribunal de Arbitraje de Comercio en el Excmo. Ayuntamiento de Salamanca, o a los Juzgados de la Ciudad de Salamanca, para la resoluci\u00f3n de cualquier controversia o disputa legal que pudiera presentarse.<\/p>\n","protected":false},"excerpt":{"rendered":"<p>Objeto El Aviso legal regula las condiciones, el acceso y la utilizaci\u00f3n del sitio web, sus contenidos y servicios, de pago o gratuitos, puestos a disposici\u00f3n de los usuarios. Aceptaci\u00f3n de las condiciones El mero acceso y\/o utilizaci\u00f3n de todo o parte de los contenidos y servicios que el sitio ofrece, atribuye la condici\u00f3n de &hellip; <\/p>\n<p class=\"link-more\"><a href=\"https:\/\/www.helcesa.com\/en\/legal-notice\/\" class=\"more-link\">Continue reading<span class=\"screen-reader-text\"> &#8220;Legal Notice&#8221;<\/span><\/a><\/p>\n","protected":false},"author":1,"featured_media":0,"parent":0,"menu_order":0,"comment_status":"closed","ping_status":"closed","template":"page-avisos.php","meta":[],"acf":[],"_links":{"self":[{"href":"https:\/\/www.helcesa.com\/en\/wp-json\/wp\/v2\/pages\/853"}],"collection":[{"href":"https:\/\/www.helcesa.com\/en\/wp-json\/wp\/v2\/pages"}],"about":[{"href":"https:\/\/www.helcesa.com\/en\/wp-json\/wp\/v2\/types\/page"}],"author":[{"embeddable":true,"href":"https:\/\/www.helcesa.com\/en\/wp-json\/wp\/v2\/users\/1"}],"replies":[{"embeddable":true,"href":"https:\/\/www.helcesa.com\/en\/wp-json\/wp\/v2\/comments?post=853"}],"version-history":[{"count":1,"href":"https:\/\/www.helcesa.com\/en\/wp-json\/wp\/v2\/pages\/853\/revisions"}],"predecessor-version":[{"id":854,"href":"https:\/\/www.helcesa.com\/en\/wp-json\/wp\/v2\/pages\/853\/revisions\/854"}],"wp:attachment":[{"href":"https:\/\/www.helcesa.com\/en\/wp-json\/wp\/v2\/media?parent=853"}],"curies":[{"name":"wp","href":"https:\/\/api.w.org\/{rel}","templated":true}]}}