{"id":855,"date":"2018-04-16T16:10:44","date_gmt":"2018-04-16T14:10:44","guid":{"rendered":"https:\/\/www.helcesa.com\/politica-de-proteccion-de-datos\/"},"modified":"2018-06-20T10:13:48","modified_gmt":"2018-06-20T08:13:48","slug":"data-protection-policy","status":"publish","type":"page","link":"https:\/\/www.helcesa.com\/en\/data-protection-policy\/","title":{"rendered":"Data Protection Policy"},"content":{"rendered":"<p>La informaci\u00f3n personal que podamos recibir, ser\u00e1 en todo caso utilizada internamente para identificarle y controlar su relaci\u00f3n con nuestra Compa\u00f1\u00eda. La informaci\u00f3n recibida por Helcesa a trav\u00e9s de este sitio web ser\u00e1 tratada con la m\u00e1xima confidencialidad, y sin otros fines ajenos a los servicios que presta.<\/p>\n<p>En relaci\u00f3n al cumplimiento de la Ley de Protecci\u00f3n de Datos, le informamos que los datos personales facilitados por los usuarios en cualquiera de los formularios incluidos en este sitio web podr\u00edan ser incluidos en un fichero inform\u00e1tico debidamente inscrito en la Agencia Espa\u00f1ola de Protecci\u00f3n de Datos, y cuyo responsable es Helcesa. La finalidad de este fichero es el mantenimiento de relaciones comerciales o de gesti\u00f3n administrativa. Podr\u00e1 ejercitar sus derechos de\u00a0 acceso, rectificaci\u00f3n, cancelaci\u00f3n u oposici\u00f3n mediante un email a info@helcesa.com, o mediante una carta dirigida a la direcci\u00f3n que figura a continuaci\u00f3n. En ning\u00fan caso sus datos podr\u00e1n ser suministrados a terceros, sin su consentimiento.<\/p>\n","protected":false},"excerpt":{"rendered":"<p>La informaci\u00f3n personal que podamos recibir, ser\u00e1 en todo caso utilizada internamente para identificarle y controlar su relaci\u00f3n con nuestra Compa\u00f1\u00eda. La informaci\u00f3n recibida por Helcesa a trav\u00e9s de este sitio web ser\u00e1 tratada con la m\u00e1xima confidencialidad, y sin otros fines ajenos a los servicios que presta. En relaci\u00f3n al cumplimiento de la Ley &hellip; <\/p>\n<p class=\"link-more\"><a href=\"https:\/\/www.helcesa.com\/en\/data-protection-policy\/\" class=\"more-link\">Continue reading<span class=\"screen-reader-text\"> &#8220;Data Protection Policy&#8221;<\/span><\/a><\/p>\n","protected":false},"author":1,"featured_media":0,"parent":0,"menu_order":0,"comment_status":"closed","ping_status":"closed","template":"page-avisos.php","meta":[],"acf":[],"_links":{"self":[{"href":"https:\/\/www.helcesa.com\/en\/wp-json\/wp\/v2\/pages\/855"}],"collection":[{"href":"https:\/\/www.helcesa.com\/en\/wp-json\/wp\/v2\/pages"}],"about":[{"href":"https:\/\/www.helcesa.com\/en\/wp-json\/wp\/v2\/types\/page"}],"author":[{"embeddable":true,"href":"https:\/\/www.helcesa.com\/en\/wp-json\/wp\/v2\/users\/1"}],"replies":[{"embeddable":true,"href":"https:\/\/www.helcesa.com\/en\/wp-json\/wp\/v2\/comments?post=855"}],"version-history":[{"count":1,"href":"https:\/\/www.helcesa.com\/en\/wp-json\/wp\/v2\/pages\/855\/revisions"}],"predecessor-version":[{"id":856,"href":"https:\/\/www.helcesa.com\/en\/wp-json\/wp\/v2\/pages\/855\/revisions\/856"}],"wp:attachment":[{"href":"https:\/\/www.helcesa.com\/en\/wp-json\/wp\/v2\/media?parent=855"}],"curies":[{"name":"wp","href":"https:\/\/api.w.org\/{rel}","templated":true}]}}